{"id":72,"date":"2013-09-07T23:21:13","date_gmt":"2013-09-07T23:21:13","guid":{"rendered":"http:\/\/localhost:8888\/test\/?page_id=790"},"modified":"2025-12-06T18:37:38","modified_gmt":"2025-12-06T17:37:38","slug":"track-order","status":"publish","type":"page","link":"https:\/\/steroidkartell.ru\/no\/track-order\/","title":{"rendered":"FAQ"},"content":{"rendered":"\n\t<section class=\"section dark\" id=\"section_208306429\">\n\t\t<div class=\"section-bg fill\" >\n\t\t\t<img loading=\"lazy\" decoding=\"async\" width=\"2000\" height=\"1333\" src=\"https:\/\/steroidkartell.ru\/no\/wp-content\/uploads\/2021\/02\/4430840.jpg\" class=\"bg attachment- size-\" alt=\"\" \/>\t\t\t\t\t\t<div class=\"section-bg-overlay absolute fill\"><\/div>\n\t\t\t\n\n\t\t<\/div>\n\n\t\t\n\t<div class=\"ux-shape-divider ux-shape-divider--bottom ux-shape-divider--style-curve-invert\">\n\t\t<svg viewBox=\"0 0 1000 100\" xmlns=\"http:\/\/www.w3.org\/2000\/svg\" preserveAspectRatio=\"none\">\n\t<path class=\"ux-shape-fill\" d=\"M500 47.0297C184.4 47.0297 -26 100 -26 100H1026C1026 100 815.6 47.0297 500 47.0297ZM1026 -5.94059H-26V-7H1026V-5.94059Z\"\/>\n<\/svg>\n\n\t<\/div>\n\n\t\t<div class=\"section-content relative\">\n\t\t\t\n\t<div id=\"gap-1079657837\" class=\"gap-element clearfix\" style=\"display:block; height:auto;\">\n\t\t\n<style>\n#gap-1079657837 {\n  padding-top: 60px;\n}\n@media (min-width:550px) {\n  #gap-1079657837 {\n    padding-top: 0px;\n  }\n}\n<\/style>\n\t<\/div>\n\t\n<div class=\"row align-middle align-center\"  id=\"row-2010554249\">\n\n\t<div id=\"col-1413944134\" class=\"col medium-9 small-12 large-12\"  >\n\t\t\t\t<div class=\"col-inner text-center\"  >\n\t\t\t\n\t\t\t\n\t<div id=\"text-497605122\" class=\"text\">\n\t\t\n\t\t\n<style>\n#text-497605122 {\n  text-align: center;\n}\n<\/style>\n\t<\/div>\n\t\n\t<div id=\"text-614636491\" class=\"text\">\n\t\t\n<h1 style=\"text-align: center;\"><span style=\"font-size: 150%;\"><strong><span style=\"color: #ed1c24;\">F.A.Q<\/span><\/strong><\/span><\/h1>\n<h1 style=\"text-align: center;\"><span style=\"font-size: 200%;\"><img loading=\"lazy\" decoding=\"async\" class=\"aligncenter wp-image-3528\" src=\"http:\/\/steroidkartell.ru\/no\/wp-content\/uploads\/2025\/12\/logosk-1400x226.png\" alt=\"\" width=\"444\" height=\"72\" \/><\/span><\/h1>\n<h6 class=\"lead\" style=\"text-align: center;\"><span style=\"font-size: 100%;\">(Avg Review 4.9 of 5 \u2b50\u2b50\u2b50\u2b50\u2b50 Reported by <span class=\"count-up\">1000<\/span> + users)<\/span><\/h6>\n<h4 style=\"text-align: center;\">\u00a0<\/h4>\n<div style=\"text-align: center;\">\u00a0<\/div>\n\t\t\n<style>\n#text-614636491 {\n  text-align: center;\n}\n<\/style>\n\t<\/div>\n\t\n\t\t<\/div>\n\t\t\t\t\t<\/div>\n\n\t\n<\/div>\n\t\t<\/div>\n\n\t\t\n<style>\n#section_208306429 {\n  padding-top: 19px;\n  padding-bottom: 19px;\n}\n#section_208306429 .section-bg-overlay {\n  background-color: rgba(0, 0, 0, 0.733);\n}\n#section_208306429 .section-bg img {\n  object-position: 34% 100%;\n}\n#section_208306429 .ux-shape-divider--bottom svg {\n  height: 150px;\n  --divider-width: 100%;\n}\n<\/style>\n\t<\/section>\n\t\n\n\t<section class=\"section\" id=\"section_402552230\">\n\t\t<div class=\"section-bg fill\" >\n\t\t\t\t\t\t\t\t\t\n\t\t\t\n\n\t\t<\/div>\n\n\t\t\n\n\t\t<div class=\"section-content relative\">\n\t\t\t\n<div class=\"row align-equal row-solid\"  id=\"row-1718782944\">\n\n\t<div id=\"col-1995475572\" class=\"col medium-6 small-12 large-6\"  >\n\t\t\t\t<div class=\"col-inner\"  >\n\t\t\t\n\t\t\t\n<h3><strong>FORSENDELSESALTERNATIVER<br \/><\/strong><\/h3>\n<ul>\n<li><strong>Svenske bestillinger:<\/strong> Sendes med vanlige frimerker eller, hvis du foretrekker, kan du bestille din egen frakt via <a title=\"null\" href=\"https:\/\/postnord.se\" target=\"_blank\" rel=\"noopener\">postnord.se<\/a> (f.eks. &#8220;skicka hem&#8221;). Send oss fraktkvitteringen eller sporingsnummeret.<\/li>\n<li><strong>Norske bestillinger:<\/strong> Sendes med vanlige frimerker innen Norge, eller for sporing kan du bestille via <a title=\"null\" href=\"https:\/\/www.posten.no\" target=\"_blank\" rel=\"noopener\">posten.no<\/a> og sende oss LL-koden.<\/li>\n<li><strong>EU-bestillinger:<\/strong> Sendes fra Tyskland med sporing, med en estimert leveringstid p\u00e5 5\u201310 arbeidsdager.<\/li>\n<\/ul>\n\t\t<\/div>\n\t\t\t\t\t<\/div>\n\n\t\n\n\t<div id=\"col-201664081\" class=\"col medium-6 small-12 large-6\"  >\n\t\t\t\t<div class=\"col-inner\"  >\n\t\t\t\n\t\t\t\n<h3><strong>FRAKT &amp; LEVERING <br \/><\/strong><\/h3>\n<ul>\n<li><strong>Sverige:<\/strong> Vi har lagerbeholdning i Sverige, og forsendelser sendes innenlands i Sverige. Levering tar vanligvis 2\u20135 arbeidsdager.<\/li>\n<li><strong>Norge:<\/strong> Bestillinger sendes fra v\u00e5rt norske lager og leveres innen Norge. Levering tar vanligvis 2\u20135 arbeidsdager.<\/li>\n<li><strong>EU:<\/strong> V\u00e5rt lager i Tyskland h\u00e5ndterer EU-forsendelser med sporing. Levering tar vanligvis 5\u201310 arbeidsdager.<\/li>\n<\/ul>\n\t\t<\/div>\n\t\t\t\t\t<\/div>\n\n\t\n\n<style>\n#row-1718782944 > .col > .col-inner {\n  padding: 30px 30px 30px 30px;\n}\n<\/style>\n<\/div>\n<div class=\"row align-equal row-solid\"  id=\"row-1935401252\">\n\n\t<div id=\"col-197842230\" class=\"col medium-6 small-12 large-6\"  >\n\t\t\t\t<div class=\"col-inner\"  >\n\t\t\t\n\t\t\t\n<h3 style=\"text-align: left;\"><strong>BETALINGSMETODER<br \/><\/strong><\/h3>\n<ul>\n<li>Kunder kan betale sikkert og anonymt via Bitcoin eller kredittkort direkte p\u00e5 v\u00e5r nettside.<\/li>\n<li>Vi anbefaler alle kunder \u00e5 bruke ProtonMail for ordrebekreftelser og kommunikasjon for \u00e5 sikre kryptert og privat korrespondanse.<\/li>\n<\/ul>\n<h3><strong>ER DET TRYGT \u00c5 HANDLE HER?<\/strong><\/h3>\n<p><strong>Ja, v\u00e5r butikk er sikker for handel. Vi legger ekstrem oppmerksomhet p\u00e5 detaljer, inkludert kryptering, valg av digitale l\u00f8sninger, emballasje og levering, for \u00e5 sikre ditt personvern og anonymitet. Vi lagrer ikke kundeinformasjon lenger enn n\u00f8dvendig. Vi r\u00e5der kundene til \u00e5 slette e-poster, kaste emballasje og f\u00f8lge beste praksis etter mottak av bestillingen for \u00e5 maksimere sikkerheten.<\/strong><\/p>\n\t\t<\/div>\n\t\t\t\t\t<\/div>\n\n\t\n\n\t<div id=\"col-1316520791\" class=\"col medium-6 small-12 large-6\"  >\n\t\t\t\t<div class=\"col-inner\"  >\n\t\t\t\n\t\t\t\n<h3><strong>HVORDAN INJEKSJONER JEG?<\/strong><\/h3>\n<p>Metoden for injeksjon er opp til deg individuelt. Du kan injisere i muskel (intramuskul\u00e6rt) eller subkutant. Vi anbefaler \u00e5 unders\u00f8ke dette p\u00e5 nettet, via YouTube, eller ved \u00e5 bes\u00f8ke <a title=\"null\" href=\"https:\/\/www.spotinjections.com\/index3.htm\" target=\"_blank\" rel=\"noopener\">https:\/\/www.spotinjections.com\/index3.htm<\/a>. Det viktigste er \u00e5 v\u00e6re forsiktig og presis n\u00e5r du setter injeksjoner.<\/p>\n<h3><strong>HVORFOR VELGE STEROIDKARTELL?<\/strong><\/h3>\n<ul>\n<li>Rask, diskret levering fra flere lagre<\/li>\n<li>Produkter av h\u00f8y kvalitet og renhet fra p\u00e5litelige produsenter<\/li>\n<li>Sikre, anonyme betalingsalternativer<\/li>\n<li>Kryptert kommunikasjon for ditt personvern<\/li>\n<\/ul>\n\t\t<\/div>\n\t\t\t\t\t<\/div>\n\n\t\n\n<style>\n#row-1935401252 > .col > .col-inner {\n  padding: 30px 30px 30px 30px;\n}\n<\/style>\n<\/div>\n\t\t<\/div>\n\n\t\t\n<style>\n#section_402552230 {\n  padding-top: 60px;\n  padding-bottom: 60px;\n  background-color: rgb(255,255,255);\n}\n<\/style>\n\t<\/section>\n\t\n<div class=\"row\"  id=\"row-611593267\">\n\n\t<div id=\"col-1141120420\" class=\"col small-12 large-12\"  >\n\t\t\t\t<div class=\"col-inner\"  >\n\t\t\t\n\t\t\t\n<p style=\"text-align: center;\"><div class=\"woocommerce\"><\/div>\n\t\t<\/div>\n\t\t\t\t\t<\/div>\n\n\t\n<\/div>\n<div class=\"slider-wrapper relative\" id=\"slider-1338583960\" style=\"background-color:rgb(0, 0, 0);\">\n    <div class=\"slider slider-type-fade slider-nav-circle slider-nav-large slider-nav-light slider-style-normal\"\n        data-flickity-options='{\n            \"cellAlign\": \"center\",\n            \"imagesLoaded\": true,\n            \"lazyLoad\": 1,\n            \"freeScroll\": false,\n            \"wrapAround\": true,\n            \"autoPlay\": 2500,\n            \"pauseAutoPlayOnHover\" : false,\n            \"prevNextButtons\": false,\n            \"contain\" : true,\n            \"adaptiveHeight\" : true,\n            \"dragThreshold\" : 10,\n            \"percentPosition\": true,\n            \"pageDots\": false,\n            \"rightToLeft\": false,\n            \"draggable\": true,\n            \"selectedAttraction\": 0.1,\n            \"parallax\" : 0,\n            \"friction\": 0.6        }'\n        >\n        \n\n  <div class=\"banner has-hover has-slide-effect slide-zoom-out-fast\" id=\"banner-750610236\">\n          <div class=\"banner-inner fill\">\n        <div class=\"banner-bg fill\" >\n            <img loading=\"lazy\" decoding=\"async\" width=\"1020\" height=\"680\" src=\"https:\/\/steroidkartell.ru\/no\/wp-content\/uploads\/2021\/02\/4430840-1200x800.jpg\" class=\"bg attachment-large size-large\" alt=\"\" \/>                        <div class=\"overlay\"><\/div>            \n                    <\/div>\n\t\t\n        <div class=\"banner-layers container\">\n            <div class=\"fill banner-link\"><\/div>            \n   <div id=\"text-box-664540970\" class=\"text-box banner-layer x50 md-x50 lg-x50 y50 md-y50 lg-y50 res-text\">\n                                <div class=\"text-box-content text dark\">\n              \n              <div class=\"text-inner text-center\">\n                  \n\t<div id=\"text-3777213477\" class=\"text\">\n\t\t\n<h4 style=\"text-align: center;\"><span style=\"color: #ffffff; font-size: 80%;\"><strong>KUNDETSERVICE: STEROIDKARTELL@PROTON.ME<\/strong><\/span><\/h4>\n<p style=\"text-align: center;\"><span style=\"color: #ffffff; font-size: 80%;\"><strong>BRUK EN GRATIS PROTONMAIL-EPOST N\u00c5R DU KONTAKTER OSS!<\/strong><\/span><\/p>\n\t\t\n<style>\n#text-3777213477 {\n  font-size: 0.8rem;\n  text-align: center;\n}\n<\/style>\n\t<\/div>\n\t\n              <\/div>\n           <\/div>\n                            \n<style>\n#text-box-664540970 {\n  width: 80%;\n}\n#text-box-664540970 .text-box-content {\n  font-size: 100%;\n}\n<\/style>\n    <\/div>\n \n        <\/div>\n      <\/div>\n\n            \n<style>\n#banner-750610236 {\n  padding-top: 110px;\n}\n#banner-750610236 .overlay {\n  background-color: rgba(197, 37, 43, 0.849);\n}\n#banner-750610236 .banner-bg img {\n  object-position: 51% 45%;\n}\n<\/style>\n  <\/div>\n\n\n     <\/div>\n\n     <div class=\"loading-spin dark large centered\"><\/div>\n\n\t<\/div>\n\n\n\n\t<section class=\"section dark\" id=\"section_710091790\">\n\t\t<div class=\"section-bg fill\" >\n\t\t\t<img loading=\"lazy\" decoding=\"async\" width=\"1920\" height=\"1080\" src=\"https:\/\/steroidkartell.ru\/no\/wp-content\/uploads\/2025\/12\/w.jpg\" class=\"bg attachment- size-\" alt=\"\" \/>\t\t\t\t\t\t<div class=\"section-bg-overlay absolute fill\"><\/div>\n\t\t\t\n\n\t\t<\/div>\n\n\t\t\n\n\t\t<div class=\"section-content relative\">\n\t\t\t\n<div class=\"row row-small align-middle align-center\"  id=\"row-669093863\">\n\n\t<div id=\"col-1480711469\" class=\"col small-12 large-12\"  >\n\t\t\t\t<div class=\"col-inner text-center\"  >\n\t\t\t\n\t\t\t\n<div class=\"row row-collapse\"  id=\"row-553504034\">\n\n\t<div id=\"col-653322519\" class=\"col medium-12 small-12 large-4\"  >\n\t\t\t\t<div class=\"col-inner text-center\"  >\n\t\t\t\n\t\t\t\n\n\t\t<div class=\"icon-box featured-box icon-box-left text-left\"  >\n\t\t\t\t<div class=\"icon-box-text last-reset\">\n\t\t\t\t\t\t\t\t\t\n\t<div id=\"gap-1134966676\" class=\"gap-element clearfix\" style=\"display:block; height:auto;\">\n\t\t\n<style>\n#gap-1134966676 {\n  padding-top: 10px;\n}\n<\/style>\n\t<\/div>\n\t\n\t<div id=\"text-1144736089\" class=\"text\">\n\t\t\n<h3><a href=\"https:\/\/steroidkartell.ru\">\ud83c\uddea\ud83c\uddfa RASK LEVERING I EU \ud83c\uddea\ud83c\uddfa<\/a><\/h3>\n\t\t\n<style>\n#text-1144736089 {\n  text-align: center;\n}\n<\/style>\n\t<\/div>\n\t\n\t\t<\/div>\n\t<\/div>\n\t\n\t\n\t<div id=\"gap-687681721\" class=\"gap-element clearfix\" style=\"display:block; height:auto;\">\n\t\t\n<style>\n#gap-687681721 {\n  padding-top: 10px;\n}\n<\/style>\n\t<\/div>\n\t\n\t<div id=\"text-3169025333\" class=\"text\">\n\t\t\n<p>For bestillinger innenfor EU, vennligst bes\u00f8k v\u00e5r EU-shop. Den gjennomsnittlige leveringstiden er 5\u201310 arbeidsdager. Vi sender fra Tyskland med sporing. Dette gj\u00f8r at vi kan levere produkter av h\u00f8y kvalitet, raskt og sikkert uansett hvor du er.<\/p>\n\t\t\n<style>\n#text-3169025333 {\n  font-size: 0.9rem;\n  text-align: center;\n}\n<\/style>\n\t<\/div>\n\t\n\t\t<\/div>\n\t\t\t\t\t<\/div>\n\n\t\n\n\t<div id=\"col-1488811652\" class=\"col medium-12 small-12 large-4\"  >\n\t\t\t\t<div class=\"col-inner text-center\"  >\n\t\t\t\n\t\t\t\n\n\t\t<div class=\"icon-box featured-box icon-box-left text-left\"  >\n\t\t\t\t<div class=\"icon-box-text last-reset\">\n\t\t\t\t\t\t\t\t\t\n\t<div id=\"gap-1672752697\" class=\"gap-element clearfix\" style=\"display:block; height:auto;\">\n\t\t\n<style>\n#gap-1672752697 {\n  padding-top: 10px;\n}\n<\/style>\n\t<\/div>\n\t\n\t<div id=\"text-1076405205\" class=\"text\">\n\t\t\n<h3><a href=\"https:\/\/steroidkartell.ru\/se\">\ud83c\uddf8\ud83c\uddea RASK LEVERING I SVERIGE \ud83c\uddf8\ud83c\uddea<\/a><\/h3>\n\t\t\n<style>\n#text-1076405205 {\n  text-align: center;\n}\n<\/style>\n\t<\/div>\n\t\n\t\t<\/div>\n\t<\/div>\n\t\n\t\n\t<div id=\"gap-994885280\" class=\"gap-element clearfix\" style=\"display:block; height:auto;\">\n\t\t\n<style>\n#gap-994885280 {\n  padding-top: 10px;\n}\n<\/style>\n\t<\/div>\n\t\n\t<div id=\"text-2302236692\" class=\"text\">\n\t\t\n<p>For bestillinger innen Sverige, vennligst bes\u00f8k v\u00e5r Svenske Shop. Standard Postnord-levering i Sverige, eller hvis du kan ordne frakt via posten.se \u201cskicka hem\u201d og sende oss fraktetiketten fra posten.se p\u00e5 e-post. EU-frakt fungerer ogs\u00e5 veldig bra til Sverige.<\/p>\n\t\t\n<style>\n#text-2302236692 {\n  font-size: 0.9rem;\n  text-align: center;\n}\n<\/style>\n\t<\/div>\n\t\n\t\t<\/div>\n\t\t\t\t\t<\/div>\n\n\t\n\n\t<div id=\"col-106724038\" class=\"col medium-12 small-12 large-4\"  >\n\t\t\t\t<div class=\"col-inner text-center\"  >\n\t\t\t\n\t\t\t\n\n\t\t<div class=\"icon-box featured-box icon-box-left text-left\"  >\n\t\t\t\t<div class=\"icon-box-text last-reset\">\n\t\t\t\t\t\t\t\t\t\n\t<div id=\"gap-356747402\" class=\"gap-element clearfix\" style=\"display:block; height:auto;\">\n\t\t\n<style>\n#gap-356747402 {\n  padding-top: 10px;\n}\n<\/style>\n\t<\/div>\n\t\n\t<div id=\"text-2159754186\" class=\"text\">\n\t\t\n<h3><a href=\"https:\/\/steroidkartell.ru\/no\">\ud83c\uddf3\ud83c\uddf4 RASK LEVERING I NORGE \ud83c\uddf3\ud83c\uddf4<\/a><\/h3>\n\t\t\n<style>\n#text-2159754186 {\n  text-align: center;\n}\n<\/style>\n\t<\/div>\n\t\n\t\t<\/div>\n\t<\/div>\n\t\n\t\n\t<div id=\"gap-77126111\" class=\"gap-element clearfix\" style=\"display:block; height:auto;\">\n\t\t\n<style>\n#gap-77126111 {\n  padding-top: 10px;\n}\n<\/style>\n\t<\/div>\n\t\n\t<div id=\"text-2909367517\" class=\"text\">\n\t\t\n<p>For bestillinger innen Norge, vennligst bes\u00f8k v\u00e5r Norske Shop. Vi sender med frimerker innen Norge. Hvis du foretrekker sporing, kan du bestille levering p\u00e5 posten.no og sende oss LL-koden du mottar.<\/p>\n\t\t\n<style>\n#text-2909367517 {\n  font-size: 0.9rem;\n  text-align: center;\n}\n<\/style>\n\t<\/div>\n\t\n\t\t<\/div>\n\t\t\t\t\t<\/div>\n\n\t\n<\/div>\n\t\t<\/div>\n\t\t\t\t\t<\/div>\n\n\t\n<\/div>\n\t\t<\/div>\n\n\t\t\n<style>\n#section_710091790 {\n  padding-top: 0px;\n  padding-bottom: 0px;\n}\n#section_710091790 .section-bg-overlay {\n  background-color: rgba(0, 0, 0, 0.733);\n}\n#section_710091790 .section-bg img {\n  object-position: 24% 79%;\n}\n<\/style>\n\t<\/section>\n\t\n","protected":false},"excerpt":{"rendered":"","protected":false},"author":3,"featured_media":0,"parent":0,"menu_order":0,"comment_status":"closed","ping_status":"closed","template":"page-blank.php","meta":{"footnotes":""},"class_list":["post-72","page","type-page","status-publish","hentry"],"_links":{"self":[{"href":"https:\/\/steroidkartell.ru\/no\/wp-json\/wp\/v2\/pages\/72","targetHints":{"allow":["GET"]}}],"collection":[{"href":"https:\/\/steroidkartell.ru\/no\/wp-json\/wp\/v2\/pages"}],"about":[{"href":"https:\/\/steroidkartell.ru\/no\/wp-json\/wp\/v2\/types\/page"}],"author":[{"embeddable":true,"href":"https:\/\/steroidkartell.ru\/no\/wp-json\/wp\/v2\/users\/3"}],"replies":[{"embeddable":true,"href":"https:\/\/steroidkartell.ru\/no\/wp-json\/wp\/v2\/comments?post=72"}],"version-history":[{"count":14,"href":"https:\/\/steroidkartell.ru\/no\/wp-json\/wp\/v2\/pages\/72\/revisions"}],"predecessor-version":[{"id":1698,"href":"https:\/\/steroidkartell.ru\/no\/wp-json\/wp\/v2\/pages\/72\/revisions\/1698"}],"wp:attachment":[{"href":"https:\/\/steroidkartell.ru\/no\/wp-json\/wp\/v2\/media?parent=72"}],"curies":[{"name":"wp","href":"https:\/\/api.w.org\/{rel}","templated":true}]}}